{"id":32,"date":"2023-03-12T09:49:37","date_gmt":"2023-03-12T08:49:37","guid":{"rendered":"http:\/\/associationriverainspourcontournementvoiron.fr\/?page_id=32"},"modified":"2024-12-15T10:27:24","modified_gmt":"2024-12-15T09:27:24","slug":"historique","status":"publish","type":"page","link":"https:\/\/associationriverainspourcontournementvoiron.fr\/index.php\/historique\/","title":{"rendered":"Historique"},"content":{"rendered":"\n<p>Un historique pour achever le contournement de Voiron et d&rsquo;acc\u00e8s \u00e0 l&rsquo;h\u00f4pital.<\/p>\n\n\n\n<p>L&rsquo;historique de cette rocade et plus particuli\u00e8rement de ce 4\u00e8me tron\u00e7on est important :<\/p>\n\n\n\n<p><strong>11\/02\/1994:<\/strong> &nbsp; Projet de rocade d\u00e9clar\u00e9 d\u2019utilit\u00e9 publique par arr\u00eat\u00e9 pr\u00e9fectoral<br><strong>29\/04\/1998: <\/strong>&nbsp; Rejet du recours par le tribunal administratif et appel<br><strong>05\/05\/2000: <\/strong>&nbsp; <strong>Vot\u00e9 \u00e0 l\u2019unanimit\u00e9 par la Communaut\u00e9 de Communes du Pays Voironnais moins deux oppositions<\/strong><br><strong>Juillet 2000:<\/strong> &nbsp; Approuv\u00e9 au sch\u00e9ma directeur de la R\u00e9gion Urbaine Grenobloise<br><strong>29\/01\/2003:<\/strong> &nbsp; Red\u00e9battu par la Communaut\u00e9 d&rsquo;Agglom\u00e9ration du Pays Voironnais (CAPV) avec 63 votes pour, 4 oppositions et 9 &nbsp; abstentions<br><strong>04\/07\/2003:<\/strong> &nbsp; D\u00e9claration d&rsquo;Utilit\u00e9 Publique (DUP) annul\u00e9e par la cours d\u2019appel sur vice de forme (actualisation des prix) <\/p>\n\n\n\n<p><em>Montant de 9.5M\u20ac actualis\u00e9 \u00e0 10.5M\u20ac en 2005.<\/em><\/p>\n\n\n\n<p><strong>2004: Face aux nuisances cons\u00e9quences du non ach\u00e8vement de la rocade :<\/strong><\/p>\n\n\n\n<p><strong>Cr\u00e9ation de notre association de soutien au projet initial A48\/RD1085<\/strong><\/p>\n\n\n\n<figure class=\"wp-block-image size-large is-resized\"><img loading=\"lazy\" decoding=\"async\" width=\"1024\" height=\"544\" src=\"https:\/\/associationriverainspourcontournementvoiron.fr\/wp-content\/uploads\/2023\/03\/assoc-1024x544.jpg\" alt=\"\" class=\"wp-image-35\" style=\"width:424px;height:225px\" srcset=\"https:\/\/associationriverainspourcontournementvoiron.fr\/wp-content\/uploads\/2023\/03\/assoc-1024x544.jpg 1024w, https:\/\/associationriverainspourcontournementvoiron.fr\/wp-content\/uploads\/2023\/03\/assoc-300x159.jpg 300w, https:\/\/associationriverainspourcontournementvoiron.fr\/wp-content\/uploads\/2023\/03\/assoc-768x408.jpg 768w, https:\/\/associationriverainspourcontournementvoiron.fr\/wp-content\/uploads\/2023\/03\/assoc.jpg 1163w\" sizes=\"auto, (max-width: 1024px) 100vw, 1024px\" \/><\/figure>\n\n\n\n<p><strong>2004 \u00e0 2006:<\/strong> Transfert de la comp\u00e9tence des routes nationales aux d\u00e9partements avec perte du financement de l&rsquo;\u00e9tat pour terminer la rocade.<\/p>\n\n\n\n<p><strong>2005: &nbsp; Vot\u00e9 \u00e0 l\u2019unanimit\u00e9 par la CAPV avec d\u2019autres am\u00e9nagements.<br>2009: <\/strong>&nbsp; Etat des lieux par les bureaux d&rsquo;\u00e9tudes<br><strong>2010: <\/strong>&nbsp; Propositions et \u00e9tudes de fuseaux par les bureaux d&rsquo;\u00e9tudes<br><strong>2011: <\/strong>&nbsp; Etude des 3 derniers trac\u00e9s <\/p>\n\n\n\n<figure class=\"wp-block-image size-full is-resized\"><img loading=\"lazy\" decoding=\"async\" width=\"692\" height=\"493\" src=\"https:\/\/associationriverainspourcontournementvoiron.fr\/wp-content\/uploads\/2023\/03\/fuseau.jpg\" alt=\"\" class=\"wp-image-36\" style=\"width:407px;height:290px\" srcset=\"https:\/\/associationriverainspourcontournementvoiron.fr\/wp-content\/uploads\/2023\/03\/fuseau.jpg 692w, https:\/\/associationriverainspourcontournementvoiron.fr\/wp-content\/uploads\/2023\/03\/fuseau-300x214.jpg 300w\" sizes=\"auto, (max-width: 692px) 100vw, 692px\" \/><\/figure>\n\n\n\n<p><strong>2011: &nbsp; Vote \u00e0 l\u2019unanimit\u00e9 du trac\u00e9 1E par la CAPV (moins deux abstentions :Vourey)<br>&nbsp; <em>=&gt; 20,3 M\u20ac&nbsp;&nbsp; : <\/em><\/strong><em>77,5% CD38 \/ 22,5% CAPV<\/em><\/p>\n\n\n\n<figure class=\"wp-block-image size-full is-resized\"><img loading=\"lazy\" decoding=\"async\" width=\"813\" height=\"625\" src=\"https:\/\/associationriverainspourcontournementvoiron.fr\/wp-content\/uploads\/2023\/03\/Leprojetgeneral-1.jpg\" alt=\"\" class=\"wp-image-38\" style=\"width:575px;height:442px\" srcset=\"https:\/\/associationriverainspourcontournementvoiron.fr\/wp-content\/uploads\/2023\/03\/Leprojetgeneral-1.jpg 813w, https:\/\/associationriverainspourcontournementvoiron.fr\/wp-content\/uploads\/2023\/03\/Leprojetgeneral-1-300x231.jpg 300w, https:\/\/associationriverainspourcontournementvoiron.fr\/wp-content\/uploads\/2023\/03\/Leprojetgeneral-1-768x590.jpg 768w\" sizes=\"auto, (max-width: 813px) 100vw, 813px\" \/><\/figure>\n\n\n\n<p><strong>2017:<\/strong> \u00a0 1ere concertation publique<\/p>\n\n\n\n<p><strong>2019:<\/strong> \u00a0 \u00c9tudes et d\u00e9but des acquisitions (secteur b\u00e2tis)<br><strong>2022:<\/strong> \u00a0 Actualisation des \u00e9tudes de trafic et<strong> vote de la CAPV pour lancement du projet d\u2019enqu\u00eate<\/strong> publique :\u00a0 47 pour, 9 contres, 6 abstentions<\/p>\n\n\n\n<p><strong>2023:<\/strong> 2nd concertation publique <br><br><br><\/p>\n","protected":false},"excerpt":{"rendered":"<p>Un historique pour achever le contournement de Voiron et d&rsquo;acc\u00e8s \u00e0 l&rsquo;h\u00f4pital. L&rsquo;historique de cette rocade et plus particuli\u00e8rement de ce 4\u00e8me tron\u00e7on est important : 11\/02\/1994: &nbsp; Projet de rocade d\u00e9clar\u00e9 d\u2019utilit\u00e9 publique par arr\u00eat\u00e9 pr\u00e9fectoral29\/04\/1998: &nbsp; Rejet du recours par le tribunal administratif et appel05\/05\/2000: &nbsp; Vot\u00e9 \u00e0 l\u2019unanimit\u00e9 par la Communaut\u00e9 de&hellip; <br \/> <a class=\"button small blue\" href=\"https:\/\/associationriverainspourcontournementvoiron.fr\/index.php\/historique\/\">Lire la suite<\/a><\/p>\n","protected":false},"author":1,"featured_media":0,"parent":0,"menu_order":0,"comment_status":"closed","ping_status":"closed","template":"","meta":{"footnotes":""},"class_list":["post-32","page","type-page","status-publish","hentry"],"yoast_head":"<!-- This site is optimized with the Yoast SEO plugin v27.5 - https:\/\/yoast.com\/product\/yoast-seo-wordpress\/ -->\n<title>Historique -<\/title>\n<meta name=\"description\" content=\"Association favorable au 4\u00e8me et dernier tron\u00e7on de la rocade de Voiron et d&#039;acc\u00e8s \u00e0 l&#039;h\u00f4pital\" \/>\n<meta name=\"robots\" content=\"index, follow, max-snippet:-1, max-image-preview:large, max-video-preview:-1\" \/>\n<link rel=\"canonical\" href=\"https:\/\/associationriverainspourcontournementvoiron.fr\/index.php\/historique\/\" \/>\n<meta property=\"og:locale\" content=\"fr_FR\" \/>\n<meta property=\"og:type\" content=\"article\" \/>\n<meta property=\"og:title\" content=\"Historique -\" \/>\n<meta property=\"og:description\" content=\"Association favorable au 4\u00e8me et dernier tron\u00e7on de la rocade de Voiron et d&#039;acc\u00e8s \u00e0 l&#039;h\u00f4pital\" \/>\n<meta property=\"og:url\" content=\"https:\/\/associationriverainspourcontournementvoiron.fr\/index.php\/historique\/\" \/>\n<meta property=\"article:modified_time\" content=\"2024-12-15T09:27:24+00:00\" \/>\n<meta property=\"og:image\" content=\"http:\/\/associationriverainspourcontournementvoiron.fr\/wp-content\/uploads\/2023\/03\/assoc-1024x544.jpg\" \/>\n<meta name=\"twitter:card\" content=\"summary_large_image\" \/>\n<meta name=\"twitter:label1\" content=\"Dur\u00e9e de lecture estim\u00e9e\" \/>\n\t<meta name=\"twitter:data1\" content=\"2 minutes\" \/>\n<script type=\"application\/ld+json\" class=\"yoast-schema-graph\">{\"@context\":\"https:\\\/\\\/schema.org\",\"@graph\":[{\"@type\":\"WebPage\",\"@id\":\"https:\\\/\\\/associationriverainspourcontournementvoiron.fr\\\/index.php\\\/historique\\\/\",\"url\":\"https:\\\/\\\/associationriverainspourcontournementvoiron.fr\\\/index.php\\\/historique\\\/\",\"name\":\"Historique -\",\"isPartOf\":{\"@id\":\"https:\\\/\\\/associationriverainspourcontournementvoiron.fr\\\/#website\"},\"primaryImageOfPage\":{\"@id\":\"https:\\\/\\\/associationriverainspourcontournementvoiron.fr\\\/index.php\\\/historique\\\/#primaryimage\"},\"image\":{\"@id\":\"https:\\\/\\\/associationriverainspourcontournementvoiron.fr\\\/index.php\\\/historique\\\/#primaryimage\"},\"thumbnailUrl\":\"http:\\\/\\\/associationriverainspourcontournementvoiron.fr\\\/wp-content\\\/uploads\\\/2023\\\/03\\\/assoc-1024x544.jpg\",\"datePublished\":\"2023-03-12T08:49:37+00:00\",\"dateModified\":\"2024-12-15T09:27:24+00:00\",\"description\":\"Association favorable au 4\u00e8me et dernier tron\u00e7on de la rocade de Voiron et d'acc\u00e8s \u00e0 l'h\u00f4pital\",\"breadcrumb\":{\"@id\":\"https:\\\/\\\/associationriverainspourcontournementvoiron.fr\\\/index.php\\\/historique\\\/#breadcrumb\"},\"inLanguage\":\"fr-FR\",\"potentialAction\":[{\"@type\":\"ReadAction\",\"target\":[\"https:\\\/\\\/associationriverainspourcontournementvoiron.fr\\\/index.php\\\/historique\\\/\"]}]},{\"@type\":\"ImageObject\",\"inLanguage\":\"fr-FR\",\"@id\":\"https:\\\/\\\/associationriverainspourcontournementvoiron.fr\\\/index.php\\\/historique\\\/#primaryimage\",\"url\":\"http:\\\/\\\/associationriverainspourcontournementvoiron.fr\\\/wp-content\\\/uploads\\\/2023\\\/03\\\/assoc-1024x544.jpg\",\"contentUrl\":\"http:\\\/\\\/associationriverainspourcontournementvoiron.fr\\\/wp-content\\\/uploads\\\/2023\\\/03\\\/assoc-1024x544.jpg\"},{\"@type\":\"BreadcrumbList\",\"@id\":\"https:\\\/\\\/associationriverainspourcontournementvoiron.fr\\\/index.php\\\/historique\\\/#breadcrumb\",\"itemListElement\":[{\"@type\":\"ListItem\",\"position\":1,\"name\":\"Accueil\",\"item\":\"https:\\\/\\\/associationriverainspourcontournementvoiron.fr\\\/\"},{\"@type\":\"ListItem\",\"position\":2,\"name\":\"rocade de voiron\"}]},{\"@type\":\"WebSite\",\"@id\":\"https:\\\/\\\/associationriverainspourcontournementvoiron.fr\\\/#website\",\"url\":\"https:\\\/\\\/associationriverainspourcontournementvoiron.fr\\\/\",\"name\":\"\",\"description\":\"\",\"potentialAction\":[{\"@type\":\"SearchAction\",\"target\":{\"@type\":\"EntryPoint\",\"urlTemplate\":\"https:\\\/\\\/associationriverainspourcontournementvoiron.fr\\\/?s={search_term_string}\"},\"query-input\":{\"@type\":\"PropertyValueSpecification\",\"valueRequired\":true,\"valueName\":\"search_term_string\"}}],\"inLanguage\":\"fr-FR\"}]}<\/script>\n<!-- \/ Yoast SEO plugin. -->","yoast_head_json":{"title":"Historique -","description":"Association favorable au 4\u00e8me et dernier tron\u00e7on de la rocade de Voiron et d'acc\u00e8s \u00e0 l'h\u00f4pital","robots":{"index":"index","follow":"follow","max-snippet":"max-snippet:-1","max-image-preview":"max-image-preview:large","max-video-preview":"max-video-preview:-1"},"canonical":"https:\/\/associationriverainspourcontournementvoiron.fr\/index.php\/historique\/","og_locale":"fr_FR","og_type":"article","og_title":"Historique -","og_description":"Association favorable au 4\u00e8me et dernier tron\u00e7on de la rocade de Voiron et d'acc\u00e8s \u00e0 l'h\u00f4pital","og_url":"https:\/\/associationriverainspourcontournementvoiron.fr\/index.php\/historique\/","article_modified_time":"2024-12-15T09:27:24+00:00","og_image":[{"url":"http:\/\/associationriverainspourcontournementvoiron.fr\/wp-content\/uploads\/2023\/03\/assoc-1024x544.jpg","type":"","width":"","height":""}],"twitter_card":"summary_large_image","twitter_misc":{"Dur\u00e9e de lecture estim\u00e9e":"2 minutes"},"schema":{"@context":"https:\/\/schema.org","@graph":[{"@type":"WebPage","@id":"https:\/\/associationriverainspourcontournementvoiron.fr\/index.php\/historique\/","url":"https:\/\/associationriverainspourcontournementvoiron.fr\/index.php\/historique\/","name":"Historique -","isPartOf":{"@id":"https:\/\/associationriverainspourcontournementvoiron.fr\/#website"},"primaryImageOfPage":{"@id":"https:\/\/associationriverainspourcontournementvoiron.fr\/index.php\/historique\/#primaryimage"},"image":{"@id":"https:\/\/associationriverainspourcontournementvoiron.fr\/index.php\/historique\/#primaryimage"},"thumbnailUrl":"http:\/\/associationriverainspourcontournementvoiron.fr\/wp-content\/uploads\/2023\/03\/assoc-1024x544.jpg","datePublished":"2023-03-12T08:49:37+00:00","dateModified":"2024-12-15T09:27:24+00:00","description":"Association favorable au 4\u00e8me et dernier tron\u00e7on de la rocade de Voiron et d'acc\u00e8s \u00e0 l'h\u00f4pital","breadcrumb":{"@id":"https:\/\/associationriverainspourcontournementvoiron.fr\/index.php\/historique\/#breadcrumb"},"inLanguage":"fr-FR","potentialAction":[{"@type":"ReadAction","target":["https:\/\/associationriverainspourcontournementvoiron.fr\/index.php\/historique\/"]}]},{"@type":"ImageObject","inLanguage":"fr-FR","@id":"https:\/\/associationriverainspourcontournementvoiron.fr\/index.php\/historique\/#primaryimage","url":"http:\/\/associationriverainspourcontournementvoiron.fr\/wp-content\/uploads\/2023\/03\/assoc-1024x544.jpg","contentUrl":"http:\/\/associationriverainspourcontournementvoiron.fr\/wp-content\/uploads\/2023\/03\/assoc-1024x544.jpg"},{"@type":"BreadcrumbList","@id":"https:\/\/associationriverainspourcontournementvoiron.fr\/index.php\/historique\/#breadcrumb","itemListElement":[{"@type":"ListItem","position":1,"name":"Accueil","item":"https:\/\/associationriverainspourcontournementvoiron.fr\/"},{"@type":"ListItem","position":2,"name":"rocade de voiron"}]},{"@type":"WebSite","@id":"https:\/\/associationriverainspourcontournementvoiron.fr\/#website","url":"https:\/\/associationriverainspourcontournementvoiron.fr\/","name":"","description":"","potentialAction":[{"@type":"SearchAction","target":{"@type":"EntryPoint","urlTemplate":"https:\/\/associationriverainspourcontournementvoiron.fr\/?s={search_term_string}"},"query-input":{"@type":"PropertyValueSpecification","valueRequired":true,"valueName":"search_term_string"}}],"inLanguage":"fr-FR"}]}},"_links":{"self":[{"href":"https:\/\/associationriverainspourcontournementvoiron.fr\/index.php\/wp-json\/wp\/v2\/pages\/32","targetHints":{"allow":["GET"]}}],"collection":[{"href":"https:\/\/associationriverainspourcontournementvoiron.fr\/index.php\/wp-json\/wp\/v2\/pages"}],"about":[{"href":"https:\/\/associationriverainspourcontournementvoiron.fr\/index.php\/wp-json\/wp\/v2\/types\/page"}],"author":[{"embeddable":true,"href":"https:\/\/associationriverainspourcontournementvoiron.fr\/index.php\/wp-json\/wp\/v2\/users\/1"}],"replies":[{"embeddable":true,"href":"https:\/\/associationriverainspourcontournementvoiron.fr\/index.php\/wp-json\/wp\/v2\/comments?post=32"}],"version-history":[{"count":11,"href":"https:\/\/associationriverainspourcontournementvoiron.fr\/index.php\/wp-json\/wp\/v2\/pages\/32\/revisions"}],"predecessor-version":[{"id":208,"href":"https:\/\/associationriverainspourcontournementvoiron.fr\/index.php\/wp-json\/wp\/v2\/pages\/32\/revisions\/208"}],"wp:attachment":[{"href":"https:\/\/associationriverainspourcontournementvoiron.fr\/index.php\/wp-json\/wp\/v2\/media?parent=32"}],"curies":[{"name":"wp","href":"https:\/\/api.w.org\/{rel}","templated":true}]}}